{"id":984,"date":"2022-10-21T17:58:42","date_gmt":"2022-10-21T17:58:42","guid":{"rendered":"https:\/\/dynamicscreeningsystems.com\/cookie-richtlinie\/"},"modified":"2023-03-29T09:43:55","modified_gmt":"2023-03-29T09:43:55","slug":"cookie-richtlinie","status":"publish","type":"page","link":"https:\/\/dynamicscreeningsystems.com\/de\/cookie-richtlinie\/","title":{"rendered":"Cookie-Richtlinie"},"content":{"rendered":"\t\t<div data-elementor-type=\"wp-page\" data-elementor-id=\"984\" class=\"elementor elementor-984 elementor-553\" data-elementor-post-type=\"page\">\n\t\t\t\t\t\t<section class=\"elementor-section elementor-top-section elementor-element elementor-element-44caabb elementor-section-boxed elementor-section-height-default elementor-section-height-default\" data-id=\"44caabb\" data-element_type=\"section\" data-e-type=\"section\" data-settings=\"{&quot;background_background&quot;:&quot;classic&quot;}\">\n\t\t\t\t\t\t<div class=\"elementor-container elementor-column-gap-default\">\n\t\t\t\t\t<div class=\"elementor-column elementor-col-100 elementor-top-column elementor-element elementor-element-0c5c5f3\" data-id=\"0c5c5f3\" data-element_type=\"column\" data-e-type=\"column\">\n\t\t\t<div class=\"elementor-widget-wrap elementor-element-populated\">\n\t\t\t\t\t\t<div class=\"elementor-element elementor-element-6291545 elementor-widget elementor-widget-heading\" data-id=\"6291545\" data-element_type=\"widget\" data-e-type=\"widget\" data-widget_type=\"heading.default\">\n\t\t\t\t<div class=\"elementor-widget-container\">\n\t\t\t\t\t<h1 class=\"elementor-heading-title elementor-size-default\">Cookie-Richtlinie<\/h1>\t\t\t\t<\/div>\n\t\t\t\t<\/div>\n\t\t\t\t\t<\/div>\n\t\t<\/div>\n\t\t\t\t\t<\/div>\n\t\t<\/section>\n\t\t\t\t<section class=\"elementor-section elementor-top-section elementor-element elementor-element-9c836c4 elementor-section-boxed elementor-section-height-default elementor-section-height-default\" data-id=\"9c836c4\" data-element_type=\"section\" data-e-type=\"section\" data-settings=\"{&quot;background_background&quot;:&quot;classic&quot;}\">\n\t\t\t\t\t\t<div class=\"elementor-container elementor-column-gap-default\">\n\t\t\t\t\t<div class=\"elementor-column elementor-col-100 elementor-top-column elementor-element elementor-element-f4fa980\" data-id=\"f4fa980\" data-element_type=\"column\" data-e-type=\"column\">\n\t\t\t<div class=\"elementor-widget-wrap elementor-element-populated\">\n\t\t\t\t\t\t<div class=\"elementor-element elementor-element-88bf220 elementor-widget elementor-widget-shortcode\" data-id=\"88bf220\" data-element_type=\"widget\" data-e-type=\"widget\" data-widget_type=\"shortcode.default\">\n\t\t\t\t<div class=\"elementor-widget-container\">\n\t\t\t\t\t\t\t<div class=\"elementor-shortcode\">[cmplz-document type=\"cookie-statement\" region=\"eu\"]<\/div>\n\t\t\t\t\t\t<\/div>\n\t\t\t\t<\/div>\n\t\t\t\t\t<\/div>\n\t\t<\/div>\n\t\t\t\t\t<\/div>\n\t\t<\/section>\n\t\t\t\t<\/div>\n\t\t","protected":false},"excerpt":{"rendered":"<p>Cookie-Richtlinie [cmplz-document type=&#8220;cookie-statement&#8220; region=&#8220;eu&#8220;]<\/p>\n","protected":false},"author":1,"featured_media":0,"parent":0,"menu_order":0,"comment_status":"closed","ping_status":"closed","template":"","meta":{"footnotes":""},"class_list":["post-984","page","type-page","status-publish","hentry"],"yoast_head":"<!-- This site is optimized with the Yoast SEO plugin v27.4 - https:\/\/yoast.com\/product\/yoast-seo-wordpress\/ -->\n<title>Cookie-Richtlinie - Dynamic Screening<\/title>\n<meta name=\"description\" content=\"Diese Cookie-Richtlinie wurde zuletzt am 24. Oktober 2022 aktualisiert und gilt f\u00fcr B\u00fcrger und Personen mit st\u00e4ndigem Wohnsitz im Europ\u00e4ischen Wirtschaftsraum und der Schweiz.\" \/>\n<meta name=\"robots\" content=\"index, follow, max-snippet:-1, max-image-preview:large, max-video-preview:-1\" \/>\n<link rel=\"canonical\" href=\"https:\/\/dynamicscreeningsystems.com\/de\/cookie-richtlinie\/\" \/>\n<meta property=\"og:locale\" content=\"de_DE\" \/>\n<meta property=\"og:type\" content=\"article\" \/>\n<meta property=\"og:title\" content=\"Cookie-Richtlinie - Dynamic Screening\" \/>\n<meta property=\"og:description\" content=\"Diese Cookie-Richtlinie wurde zuletzt am 24. Oktober 2022 aktualisiert und gilt f\u00fcr B\u00fcrger und Personen mit st\u00e4ndigem Wohnsitz im Europ\u00e4ischen Wirtschaftsraum und der Schweiz.\" \/>\n<meta property=\"og:url\" content=\"https:\/\/dynamicscreeningsystems.com\/de\/cookie-richtlinie\/\" \/>\n<meta property=\"og:site_name\" content=\"Dynamic Screening\" \/>\n<meta property=\"article:modified_time\" content=\"2023-03-29T09:43:55+00:00\" \/>\n<meta name=\"twitter:card\" content=\"summary_large_image\" \/>\n<script type=\"application\/ld+json\" class=\"yoast-schema-graph\">{\"@context\":\"https:\\\/\\\/schema.org\",\"@graph\":[{\"@type\":\"WebPage\",\"@id\":\"https:\\\/\\\/dynamicscreeningsystems.com\\\/de\\\/cookie-richtlinie\\\/\",\"url\":\"https:\\\/\\\/dynamicscreeningsystems.com\\\/de\\\/cookie-richtlinie\\\/\",\"name\":\"Cookie-Richtlinie - Dynamic Screening\",\"isPartOf\":{\"@id\":\"https:\\\/\\\/dynamicscreeningsystems.com\\\/#website\"},\"datePublished\":\"2022-10-21T17:58:42+00:00\",\"dateModified\":\"2023-03-29T09:43:55+00:00\",\"description\":\"Diese Cookie-Richtlinie wurde zuletzt am 24. Oktober 2022 aktualisiert und gilt f\u00fcr B\u00fcrger und Personen mit st\u00e4ndigem Wohnsitz im Europ\u00e4ischen Wirtschaftsraum und der Schweiz.\",\"breadcrumb\":{\"@id\":\"https:\\\/\\\/dynamicscreeningsystems.com\\\/de\\\/cookie-richtlinie\\\/#breadcrumb\"},\"inLanguage\":\"de\",\"potentialAction\":[{\"@type\":\"ReadAction\",\"target\":[\"https:\\\/\\\/dynamicscreeningsystems.com\\\/de\\\/cookie-richtlinie\\\/\"]}]},{\"@type\":\"BreadcrumbList\",\"@id\":\"https:\\\/\\\/dynamicscreeningsystems.com\\\/de\\\/cookie-richtlinie\\\/#breadcrumb\",\"itemListElement\":[{\"@type\":\"ListItem\",\"position\":1,\"name\":\"Home\",\"item\":\"https:\\\/\\\/dynamicscreeningsystems.com\\\/de\\\/titelseite\\\/\"},{\"@type\":\"ListItem\",\"position\":2,\"name\":\"Cookie-Richtlinie\"}]},{\"@type\":\"WebSite\",\"@id\":\"https:\\\/\\\/dynamicscreeningsystems.com\\\/#website\",\"url\":\"https:\\\/\\\/dynamicscreeningsystems.com\\\/\",\"name\":\"Dynamic Screening\",\"description\":\"\",\"publisher\":{\"@id\":\"https:\\\/\\\/dynamicscreeningsystems.com\\\/#organization\"},\"potentialAction\":[{\"@type\":\"SearchAction\",\"target\":{\"@type\":\"EntryPoint\",\"urlTemplate\":\"https:\\\/\\\/dynamicscreeningsystems.com\\\/?s={search_term_string}\"},\"query-input\":{\"@type\":\"PropertyValueSpecification\",\"valueRequired\":true,\"valueName\":\"search_term_string\"}}],\"inLanguage\":\"de\"},{\"@type\":\"Organization\",\"@id\":\"https:\\\/\\\/dynamicscreeningsystems.com\\\/#organization\",\"name\":\"Dynamic Screening\",\"url\":\"https:\\\/\\\/dynamicscreeningsystems.com\\\/\",\"logo\":{\"@type\":\"ImageObject\",\"inLanguage\":\"de\",\"@id\":\"https:\\\/\\\/dynamicscreeningsystems.com\\\/#\\\/schema\\\/logo\\\/image\\\/\",\"url\":\"https:\\\/\\\/dynamicscreeningsystems.com\\\/wp-content\\\/uploads\\\/2022\\\/10\\\/Dynamic-Screening-Logo.svg\",\"contentUrl\":\"https:\\\/\\\/dynamicscreeningsystems.com\\\/wp-content\\\/uploads\\\/2022\\\/10\\\/Dynamic-Screening-Logo.svg\",\"width\":256,\"height\":72,\"caption\":\"Dynamic Screening\"},\"image\":{\"@id\":\"https:\\\/\\\/dynamicscreeningsystems.com\\\/#\\\/schema\\\/logo\\\/image\\\/\"}}]}<\/script>\n<!-- \/ Yoast SEO plugin. -->","yoast_head_json":{"title":"Cookie-Richtlinie - Dynamic Screening","description":"Diese Cookie-Richtlinie wurde zuletzt am 24. Oktober 2022 aktualisiert und gilt f\u00fcr B\u00fcrger und Personen mit st\u00e4ndigem Wohnsitz im Europ\u00e4ischen Wirtschaftsraum und der Schweiz.","robots":{"index":"index","follow":"follow","max-snippet":"max-snippet:-1","max-image-preview":"max-image-preview:large","max-video-preview":"max-video-preview:-1"},"canonical":"https:\/\/dynamicscreeningsystems.com\/de\/cookie-richtlinie\/","og_locale":"de_DE","og_type":"article","og_title":"Cookie-Richtlinie - Dynamic Screening","og_description":"Diese Cookie-Richtlinie wurde zuletzt am 24. Oktober 2022 aktualisiert und gilt f\u00fcr B\u00fcrger und Personen mit st\u00e4ndigem Wohnsitz im Europ\u00e4ischen Wirtschaftsraum und der Schweiz.","og_url":"https:\/\/dynamicscreeningsystems.com\/de\/cookie-richtlinie\/","og_site_name":"Dynamic Screening","article_modified_time":"2023-03-29T09:43:55+00:00","twitter_card":"summary_large_image","schema":{"@context":"https:\/\/schema.org","@graph":[{"@type":"WebPage","@id":"https:\/\/dynamicscreeningsystems.com\/de\/cookie-richtlinie\/","url":"https:\/\/dynamicscreeningsystems.com\/de\/cookie-richtlinie\/","name":"Cookie-Richtlinie - Dynamic Screening","isPartOf":{"@id":"https:\/\/dynamicscreeningsystems.com\/#website"},"datePublished":"2022-10-21T17:58:42+00:00","dateModified":"2023-03-29T09:43:55+00:00","description":"Diese Cookie-Richtlinie wurde zuletzt am 24. Oktober 2022 aktualisiert und gilt f\u00fcr B\u00fcrger und Personen mit st\u00e4ndigem Wohnsitz im Europ\u00e4ischen Wirtschaftsraum und der Schweiz.","breadcrumb":{"@id":"https:\/\/dynamicscreeningsystems.com\/de\/cookie-richtlinie\/#breadcrumb"},"inLanguage":"de","potentialAction":[{"@type":"ReadAction","target":["https:\/\/dynamicscreeningsystems.com\/de\/cookie-richtlinie\/"]}]},{"@type":"BreadcrumbList","@id":"https:\/\/dynamicscreeningsystems.com\/de\/cookie-richtlinie\/#breadcrumb","itemListElement":[{"@type":"ListItem","position":1,"name":"Home","item":"https:\/\/dynamicscreeningsystems.com\/de\/titelseite\/"},{"@type":"ListItem","position":2,"name":"Cookie-Richtlinie"}]},{"@type":"WebSite","@id":"https:\/\/dynamicscreeningsystems.com\/#website","url":"https:\/\/dynamicscreeningsystems.com\/","name":"Dynamic Screening","description":"","publisher":{"@id":"https:\/\/dynamicscreeningsystems.com\/#organization"},"potentialAction":[{"@type":"SearchAction","target":{"@type":"EntryPoint","urlTemplate":"https:\/\/dynamicscreeningsystems.com\/?s={search_term_string}"},"query-input":{"@type":"PropertyValueSpecification","valueRequired":true,"valueName":"search_term_string"}}],"inLanguage":"de"},{"@type":"Organization","@id":"https:\/\/dynamicscreeningsystems.com\/#organization","name":"Dynamic Screening","url":"https:\/\/dynamicscreeningsystems.com\/","logo":{"@type":"ImageObject","inLanguage":"de","@id":"https:\/\/dynamicscreeningsystems.com\/#\/schema\/logo\/image\/","url":"https:\/\/dynamicscreeningsystems.com\/wp-content\/uploads\/2022\/10\/Dynamic-Screening-Logo.svg","contentUrl":"https:\/\/dynamicscreeningsystems.com\/wp-content\/uploads\/2022\/10\/Dynamic-Screening-Logo.svg","width":256,"height":72,"caption":"Dynamic Screening"},"image":{"@id":"https:\/\/dynamicscreeningsystems.com\/#\/schema\/logo\/image\/"}}]}},"_links":{"self":[{"href":"https:\/\/dynamicscreeningsystems.com\/de\/wp-json\/wp\/v2\/pages\/984","targetHints":{"allow":["GET"]}}],"collection":[{"href":"https:\/\/dynamicscreeningsystems.com\/de\/wp-json\/wp\/v2\/pages"}],"about":[{"href":"https:\/\/dynamicscreeningsystems.com\/de\/wp-json\/wp\/v2\/types\/page"}],"author":[{"embeddable":true,"href":"https:\/\/dynamicscreeningsystems.com\/de\/wp-json\/wp\/v2\/users\/1"}],"replies":[{"embeddable":true,"href":"https:\/\/dynamicscreeningsystems.com\/de\/wp-json\/wp\/v2\/comments?post=984"}],"version-history":[{"count":2,"href":"https:\/\/dynamicscreeningsystems.com\/de\/wp-json\/wp\/v2\/pages\/984\/revisions"}],"predecessor-version":[{"id":987,"href":"https:\/\/dynamicscreeningsystems.com\/de\/wp-json\/wp\/v2\/pages\/984\/revisions\/987"}],"wp:attachment":[{"href":"https:\/\/dynamicscreeningsystems.com\/de\/wp-json\/wp\/v2\/media?parent=984"}],"curies":[{"name":"wp","href":"https:\/\/api.w.org\/{rel}","templated":true}]}}